{"id":5777,"date":"2019-10-22T09:00:48","date_gmt":"2019-10-22T07:00:48","guid":{"rendered":"https:\/\/aquihayquimica.iqs.edu\/?page_id=5777"},"modified":"2019-10-22T09:00:49","modified_gmt":"2019-10-22T07:00:49","slug":"politica-de-cookies","status":"publish","type":"page","link":"https:\/\/aquihayquimica.iqs.edu\/ca\/politica-de-cookies\/","title":{"rendered":"Pol\u00edtica de cookies"},"content":{"rendered":"\n<p>A IQS utilitzem cookies d\u2019anal\u00edtica web per mesurar i analitzar la navegaci\u00f3 dels usuaris a la nostra p\u00e0gina web.<\/p>\n\n\n\n<p>Les cookies s\u00f3n petits arxius que es poden instal\u00b7lar en els equips inform\u00e0tics a trav\u00e9s de les p\u00e0gines web.<\/p>\n\n\n\n<p>Les\n cookies d\u2019anal\u00edtica s\u00f3n aquelles que, o b\u00e9 tractades per IQS o b\u00e9 per \ntercers, tenen la finalitat de quantificar el nombre de visitants i \nanalitzar estad\u00edsticament la utilitzaci\u00f3 que fan els usuaris dels \nnostres serveis. Gr\u00e0cies a aix\u00f2 podem estudiar la navegaci\u00f3 per la \nnostra p\u00e0gina web, i millorar aix\u00ed la tem\u00e0tica de la web, els productes o\n serveis que t\u2019oferim.<\/p>\n\n\n\n<p>A trav\u00e9s de l\u2019anal\u00edtica web no obtenim \ninformaci\u00f3 sobre el nom, cognoms o adre\u00e7a de correu electr\u00f2nic o postal \ndels usuaris. La informaci\u00f3 que obtenim \u00e9s la relativa al nombre \nd\u2019usuaris que accedeixen a la web, el nombre de p\u00e0gines vistes, la \nfreq\u00fc\u00e8ncia i repetici\u00f3 de les visites, la seva durada, el navegador \nutilitzat, l\u2019operador que presta el servei, l\u2019idioma, el terminal \nutilitzat o la ciutat a la qual est\u00e0 assignada l\u2019adre\u00e7a IP de l\u2019usuari.<\/p>\n\n\n\n<p>A\n la p\u00e0gina web \u201cAqu\u00ed hi ha Qu\u00edmica\u201d de IQS utilitzem Google Analytics, \nun servei d\u2019anal\u00edtica web desenvolupat per Google, que presta un servei \nde mesurament i an\u00e0lisi de la navegaci\u00f3 a la nostra p\u00e0gina web. Google \npot utilitzar les dades per millorar els seus serveis i oferir serveis a\n altres empreses.<\/p>\n\n\n\n<p>Pots trobar m\u00e9s informaci\u00f3 sobre aquest tema i inhabilitar l\u2019\u00fas d\u2019aquestes cookies <a href=\"http:\/\/www.google.es\/intl\/es_all\/analytics\/index.html\" target=\"_blank\" rel=\"noreferrer noopener\">aqu\u00ed<\/a>.<\/p>\n\n\n\n<p>A\n m\u00e9s, pots gestionar l\u2019\u00fas de cookies a trav\u00e9s del navegador instal\u00b7lat \nen el teu ordinador. Als enlla\u00e7os que trobar\u00e0s a continuaci\u00f3 pots saber \nm\u00e9s sobre quins cookies tens instal\u00b7lades, permetre la seva \ninstal\u00b7laci\u00f3, bloquejar-les o eliminar-les del teu equip. Depenent de \nquin navegador utilitzis, pots seguir algun dels seg\u00fcents enlla\u00e7os:<\/p>\n\n\n\n<p><a href=\"https:\/\/support.mozilla.org\/es\/kb\/cookies-informacion-que-los-sitios-web-guardan-en-?esab=a&amp;s=cookies&amp;r=1&amp;as=s\" target=\"_blank\" rel=\"noreferrer noopener\">Firefox<\/a><br> <a href=\"https:\/\/support.google.com\/chrome\/answer\/95647?hl=es\" target=\"_blank\" rel=\"noreferrer noopener\">Chrome<\/a><br> <a href=\"http:\/\/support.apple.com\/kb\/ph5042\" target=\"_blank\" rel=\"noreferrer noopener\">Safari<\/a><br> <a href=\"http:\/\/windows.microsoft.com\/es-es\/windows7\/how-to-manage-cookies-in-internet-explorer-9\" target=\"_blank\" rel=\"noreferrer noopener\">Explorer<\/a><\/p>\n","protected":false},"excerpt":{"rendered":"<p>A IQS utilitzem cookies d\u2019anal\u00edtica web per mesurar i analitzar la navegaci\u00f3 dels usuaris a la nostra p\u00e0gina web. Les cookies s\u00f3n petits arxius que es poden instal\u00b7lar en els equips inform\u00e0tics a trav\u00e9s de les p\u00e0gines web. Les cookies d\u2019anal\u00edtica s\u00f3n aquelles que, o b\u00e9 tractades per IQS o b\u00e9 per tercers, tenen la [&hellip;]<\/p>\n","protected":false},"author":1,"featured_media":0,"parent":0,"menu_order":0,"comment_status":"closed","ping_status":"closed","template":"","meta":{"inline_featured_image":false,"footnotes":""},"_links":{"self":[{"href":"https:\/\/aquihayquimica.iqs.edu\/ca\/wp-json\/wp\/v2\/pages\/5777"}],"collection":[{"href":"https:\/\/aquihayquimica.iqs.edu\/ca\/wp-json\/wp\/v2\/pages"}],"about":[{"href":"https:\/\/aquihayquimica.iqs.edu\/ca\/wp-json\/wp\/v2\/types\/page"}],"author":[{"embeddable":true,"href":"https:\/\/aquihayquimica.iqs.edu\/ca\/wp-json\/wp\/v2\/users\/1"}],"replies":[{"embeddable":true,"href":"https:\/\/aquihayquimica.iqs.edu\/ca\/wp-json\/wp\/v2\/comments?post=5777"}],"version-history":[{"count":1,"href":"https:\/\/aquihayquimica.iqs.edu\/ca\/wp-json\/wp\/v2\/pages\/5777\/revisions"}],"predecessor-version":[{"id":5778,"href":"https:\/\/aquihayquimica.iqs.edu\/ca\/wp-json\/wp\/v2\/pages\/5777\/revisions\/5778"}],"wp:attachment":[{"href":"https:\/\/aquihayquimica.iqs.edu\/ca\/wp-json\/wp\/v2\/media?parent=5777"}],"curies":[{"name":"wp","href":"https:\/\/api.w.org\/{rel}","templated":true}]}}