{"id":5779,"date":"2019-10-22T09:01:30","date_gmt":"2019-10-22T07:01:30","guid":{"rendered":"https:\/\/aquihayquimica.iqs.edu\/?page_id=5779"},"modified":"2019-10-22T09:01:31","modified_gmt":"2019-10-22T07:01:31","slug":"informacio-legal","status":"publish","type":"page","link":"https:\/\/aquihayquimica.iqs.edu\/ca\/informacio-legal\/","title":{"rendered":"Informaci\u00f3 legal"},"content":{"rendered":"\n<p>El titular d\u2019aquest web \u00e9s IQS, instituci\u00f3 pertanyent a la \nUniversitat Ramon Llull, amb seu social en Via Augusta 390, 08017 \nBarcelona.<\/p>\n\n\n\n<p><strong>Objecte<\/strong><br> 1.  IQS, responsable del lloc web, posa a la disposici\u00f3 dels usuaris el  present document amb el qual pret\u00e9n donar compliment a les obligacions  disposades en la Llei 34\/2002, de Serveis de la Societat de la  Informaci\u00f3 i del Comer\u00e7 Electr\u00f2nic (LSSI-CE), aix\u00ed com informar a tots  els usuaris del lloc web respecte a quins s\u00f3n les condicions d\u2019\u00fas del  lloc web.<br> 2. Tota persona que accedeixi a aquest lloc web assumeix  el paper d\u2019usuari, comprometent-se a l\u2019observan\u00e7a i compliment rigor\u00f3s  de les disposicions aqu\u00ed disposades, aix\u00ed com a qualsevol altra  disposici\u00f3 legal que fos aplicable. L\u2019acc\u00e9s a aquest lloc web \u00e9s  responsabilitat exclusiva dels usuaris. El simple acc\u00e9s a aquest lloc  web no suposa tenir cap tipus de relaci\u00f3 de car\u00e0cter comercial amb  l\u2019usuari. L\u2019acc\u00e9s i navegaci\u00f3 en aquest lloc web suposa acceptar i  con\u00e8ixer els advertiments legals, condicions i termes d\u2019\u00fas contingudes  en ella.<\/p>\n\n\n\n<p><strong>Responsabilitat<\/strong><br>  3. Aquest lloc web cont\u00e9 informaci\u00f3 relativa al concurs \u201cAqu\u00ed hi ha  Qu\u00edmica\u201d aix\u00ed com informaci\u00f3 did\u00e0ctica sobre la qu\u00edmica com a ci\u00e8ncia.  IQS s\u2019eximeix de qualsevol tipus de responsabilitat derivada de la  informaci\u00f3 publicada en el seu lloc web, sempre que aquesta informaci\u00f3  hagi estat manipulada o introdu\u00efda per un tercer ali\u00e8 al mateix.<br> 4.  IQS es reserva el dret a modificar qualsevol tipus d\u2019informaci\u00f3 que  pogu\u00e9s apar\u00e8ixer en el web, sense que existeixi obligaci\u00f3 d\u2019avisar o  posar en coneixement dels usuaris aquestes obligacions, entenent-se com a  suficient amb la publicaci\u00f3 en el lloc web de IQS \u2013 Aqu\u00ed Hi ha Qu\u00edmica.<br>  5. El lloc web de IQS fa servir cookies (petits arxius d\u2019informaci\u00f3 que  el servidor envia a l\u2019ordinador de qui accedeix a la p\u00e0gina) per dur a  terme determinades funcions que s\u00f3n considerades imprescindibles per al  correcte funcionament i visualitzaci\u00f3 del lloc. Consulti la nostra <a href=\"https:\/\/aquihayquimica.iqs.edu\/ca\/politica-de-cookies\/\">pol\u00edtica de cookies<\/a>.<br>  6. Des del web d\u2019Aqu\u00ed Hi ha Qu\u00edmica \u00e9s possible que es redirigeixi a  continguts de tercers web. At\u00e8s que IQS no pot controlar sempre els  continguts introdu\u00efts pels tercers en els seus llocs web, aquest no  assumeix cap tipus de responsabilitat respecte a aquests continguts. En  tot cas, IQS manifesta que procedir\u00e0 a la retirada immediata de  qualsevol contingut que pogu\u00e9s contravenir la legislaci\u00f3 nacional o  internacional, la moral o l\u2019ordre p\u00fablic, procedint a la retirada  immediata de la redirecci\u00f3 a aquest lloc web, posant en coneixement de  les autoritats competents el contingut en q\u00fcesti\u00f3.<br> 7. La pres\u00e8ncia  de links al web de IQS, excepte manifestaci\u00f3 expressa en contrari, t\u00e9  una finalitat merament informativa i en cap cas suposa suggeriment,  invitaci\u00f3 o recomanaci\u00f3 sobre els mateixos. Aquests enlla\u00e7os no  representen cap tipus de relaci\u00f3 entre IQS i els particulars o empreses  titulars dels webs als quals pot accedir-se mitjan\u00e7ant aquests enlla\u00e7os.<br> 8. IQS es reserva el dret de retirar de manera unilateral i a qualsevol moment els links que apareixen al seu web.<br>  9. IQS no es fa responsable de la informaci\u00f3 i continguts emmagatzemats  \u2013a t\u00edtol enunciatiu per\u00f2 no limitatiu\u2013, en f\u00f2rums, xat\u2019s, generadors de  blogs, comentaris, xarxes socials o qualssevol un altre mitj\u00e0 que  permeti a tercers publicar continguts de forma independent a la p\u00e0gina  web \u201cAqu\u00ed Hi ha Qu\u00edmica\u201d de IQS. No obstant aix\u00f2 i en compliment del que  es disposa en l\u2019art. 11 i 16 de la LSSI-CE, IQS es posa a la disposici\u00f3  de tots els usuaris, autoritats i forces de seguretat, i col\u00b7laborant  de forma activa en la retirada o si escau bloqueig de tots aquells  continguts que poguessin afectar o contravenir la legislaci\u00f3 nacional, o  internacional, drets de tercers o la moral i l\u2019ordre p\u00fablic. En cas que  l\u2019usuari consideri que existeix en el lloc web algun contingut que  pogu\u00e9s ser susceptible d\u2019aquesta classificaci\u00f3, es prega el notifiqui de  forma immediata a l\u2019administrador del lloc web.<br> 10. Aquest lloc web  ha estat revisat i provat perqu\u00e8 funcioni correctament. En principi,  pot garantir-se el correcte funcionament els 365 dies de l\u2019any, 24 hores  al dia. No obstant aix\u00f2, IQS no descarta la possibilitat que existeixin  certs errors de programaci\u00f3, o que esdevinguin causes de for\u00e7a major,  cat\u00e0strofes naturals o circumst\u00e0ncies semblants que facin impossible  l\u2019acc\u00e9s a la p\u00e0gina web.<br> 11. Aquest web ha estat dissenyat per  suportar els navegadors Explorer, Mozilla, Chrome i Safari. IQS no es fa  responsable dels perjudicis de qualsevol \u00edndole, que poguessin  ocasionar-se als usuaris per la utilitzaci\u00f3 d\u2019altres navegadors o  versions diferents dels navegadors pels quals ha estat dissenyat el web.<br> 12. L\u2019acc\u00e9s a aquest web es realitza en un entorn no segur, per la qual cosa la informaci\u00f3 es transmet de forma no xifrada.<\/p>\n\n\n\n<p><strong>Protecci\u00f3 de dades personals<\/strong><br>  13. En compliment de la normativa espanyola de protecci\u00f3 de dades de  car\u00e0cter personal, IQS garanteix el compliment \u00edntegre de les  obligacions disposades, aix\u00ed com la implementaci\u00f3 de les mesures de  seguretat disposades en l\u2019art. 9 de la Llei 15\/1999, de Protecci\u00f3 de  Dades de Car\u00e0cter Personal (LOPD) i en el Reglament de Desenvolupament  de la LOPD.<br> 14. Quan siguin requerits dades personals, l\u2019usuari els  incorporar\u00e0 volunt\u00e0riament, i ser\u00e0 degudament informat de les finalitats  de la recollida, aix\u00ed com de la possibilitat d\u2019exercir els drets  d\u2019acc\u00e9s, rectificaci\u00f3, cancel\u00b7laci\u00f3 i oposici\u00f3 (drets ARCO).Si vost\u00e8  vol donar-se de baixa de les comunicacions comercials per correu  electr\u00f2nic, comuniqui\u2019ns-ho a trav\u00e9s de comunicacioniqs@iqs.edu amb  l\u2019assumpte \u201cBAIXA\u201d.<\/p>\n\n\n\n<p><strong>Propietat Intel\u00b7lectual i industrial<\/strong><br>  15. El lloc web, incloent a t\u00edtol enunciatiu per\u00f2 no limitatiu la seva  programaci\u00f3, edici\u00f3, compilaci\u00f3 i altres elements necessaris per al seu  funcionament, els dissenys, logotips, text i\/o gr\u00e0fics s\u00f3n propietat de  IQS o, si escau, disposa de llic\u00e8ncia o autoritzaci\u00f3 expressa per part  dels autors. Tots els continguts del lloc web es troben degudament  protegits per la normativa de propietat intel\u00b7lectual i industrial, aix\u00ed  com inscrits en els registres p\u00fablics corresponents.<br> 16.  Independentment de la finalitat per la qual anessin destinats, la  reproducci\u00f3 total o parcial, \u00fas, explotaci\u00f3, distribuci\u00f3 i  comercialitzaci\u00f3, requereix en tot cas de l\u2019autoritzaci\u00f3 escrita pr\u00e8via  per part de IQS. Qualsevol \u00fas no autoritzat pr\u00e8viament per part IQS ser\u00e0  considerat un incompliment greu dels drets de propietat intel\u00b7lectual o  industrial de l\u2019autor.<br> 17. Els dissenys, logotips, text i\/o gr\u00e0fics  aliens a IQS i que poguessin apar\u00e8ixer en el web, pertanyen als seus  respectius propietaris, sent ells mateixos responsables de qualsevol  possible controv\u00e8rsia que pogu\u00e9s suscitar-se respecte als mateixos.<br> IQS  reconeix a favor dels seus titulars els corresponents drets de  propietat industrial i intel\u00b7lectual, no implicant el seu sol esment o  aparici\u00f3 en el lloc web l\u2019exist\u00e8ncia de drets o cap responsabilitat de  IQS sobre els mateixos, com tampoc recolzament, patrocini o recomanaci\u00f3  per part de IQS.<\/p>\n\n\n\n<p><strong>Llei Aplicable i Jurisdicci\u00f3<\/strong><br>  18. Els termes i condicions que regeixen aquest web i totes les  relacions que poguessin derivar-se es troben salvaguardats per la  legislaci\u00f3 espanyola.<br> 19. Qualsevol controv\u00e8rsia que pogu\u00e9s  derivar-se de l\u2019acc\u00e9s o la utilitzaci\u00f3 d\u2019aquest lloc web ser\u00e0 de  compet\u00e8ncia dels tribunals que corresponguin segons la jurisdicci\u00f3 de  l\u2019usuari.<\/p>\n","protected":false},"excerpt":{"rendered":"<p>El titular d\u2019aquest web \u00e9s IQS, instituci\u00f3 pertanyent a la Universitat Ramon Llull, amb seu social en Via Augusta 390, 08017 Barcelona. Objecte 1. IQS, responsable del lloc web, posa a la disposici\u00f3 dels usuaris el present document amb el qual pret\u00e9n donar compliment a les obligacions disposades en la Llei 34\/2002, de Serveis de [&hellip;]<\/p>\n","protected":false},"author":1,"featured_media":0,"parent":0,"menu_order":0,"comment_status":"closed","ping_status":"open","template":"","meta":{"inline_featured_image":false,"footnotes":""},"_links":{"self":[{"href":"https:\/\/aquihayquimica.iqs.edu\/ca\/wp-json\/wp\/v2\/pages\/5779"}],"collection":[{"href":"https:\/\/aquihayquimica.iqs.edu\/ca\/wp-json\/wp\/v2\/pages"}],"about":[{"href":"https:\/\/aquihayquimica.iqs.edu\/ca\/wp-json\/wp\/v2\/types\/page"}],"author":[{"embeddable":true,"href":"https:\/\/aquihayquimica.iqs.edu\/ca\/wp-json\/wp\/v2\/users\/1"}],"replies":[{"embeddable":true,"href":"https:\/\/aquihayquimica.iqs.edu\/ca\/wp-json\/wp\/v2\/comments?post=5779"}],"version-history":[{"count":1,"href":"https:\/\/aquihayquimica.iqs.edu\/ca\/wp-json\/wp\/v2\/pages\/5779\/revisions"}],"predecessor-version":[{"id":5780,"href":"https:\/\/aquihayquimica.iqs.edu\/ca\/wp-json\/wp\/v2\/pages\/5779\/revisions\/5780"}],"wp:attachment":[{"href":"https:\/\/aquihayquimica.iqs.edu\/ca\/wp-json\/wp\/v2\/media?parent=5779"}],"curies":[{"name":"wp","href":"https:\/\/api.w.org\/{rel}","templated":true}]}}