{"id":5797,"date":"2019-10-28T15:44:38","date_gmt":"2019-10-28T14:44:38","guid":{"rendered":"https:\/\/aquihayquimica.iqs.edu\/?page_id=5797"},"modified":"2024-02-26T10:49:32","modified_gmt":"2024-02-26T09:49:32","slug":"sortides-professionals","status":"publish","type":"page","link":"https:\/\/aquihayquimica.iqs.edu\/ca\/sortides-professionals\/","title":{"rendered":"Sortides professionals"},"content":{"rendered":"\n<p class=\"p-subtitol\"><strong>Sectors en els quals desenvolupar la professi\u00f3 de qu\u00edmic<\/strong><\/p>\n\n\n\n<div class=\"wp-block-columns has-2-columns columnes-frase is-layout-flex wp-container-core-columns-is-layout-1 wp-block-columns-is-layout-flex\">\n<div class=\"wp-block-column is-layout-flow wp-block-column-is-layout-flow\" style=\"flex-basis:75%\">\n<figure class=\"wp-block-image\"><img loading=\"lazy\" decoding=\"async\" width=\"1024\" height=\"685\" src=\"https:\/\/aquihayquimica.iqs.edu\/wp-content\/uploads\/2019\/10\/sortides_profesionals-1024x685.jpg\" alt=\"\" class=\"wp-image-5879\" srcset=\"https:\/\/aquihayquimica.iqs.edu\/wp-content\/uploads\/2019\/10\/sortides_profesionals-1024x685.jpg 1024w, https:\/\/aquihayquimica.iqs.edu\/wp-content\/uploads\/2019\/10\/sortides_profesionals-300x201.jpg 300w, https:\/\/aquihayquimica.iqs.edu\/wp-content\/uploads\/2019\/10\/sortides_profesionals-768x514.jpg 768w, https:\/\/aquihayquimica.iqs.edu\/wp-content\/uploads\/2019\/10\/sortides_profesionals.jpg 1400w\" sizes=\"(max-width: 1024px) 100vw, 1024px\" \/><\/figure>\n\n\n\n<p>L\u2019oferta sectorial per als qu\u00edmics \u00e9s molt \u00e0mplia. De fet, una part important dels titulats en qu\u00edmica desenvolupen la seva activitat professional en empreses les activitats de les quals no s\u00f3n exclusives del sector qu\u00edmic, com per exemple empreses d\u2019electricitat, electr\u00f2nica, alimentaci\u00f3, serveis sanitaris, etc.<\/p>\n\n\n\n<p>Entre la diversitat de possibilitats de cara a desenvolupar un futur professional, destaquen:<\/p>\n<\/div>\n\n\n\n<div class=\"wp-block-column is-layout-flow wp-block-column-is-layout-flow\"><\/div>\n<\/div>\n\n\n\n<div class=\"wp-block-columns has-2-columns columna-llista is-layout-flex wp-container-core-columns-is-layout-2 wp-block-columns-is-layout-flex\">\n<div class=\"wp-block-column is-layout-flow wp-block-column-is-layout-flow\">\n<p>Desenvolupar, dissenyar, implantar i gestionar productes, processos i  instal\u00b7lacions de la ind\u00fastria qu\u00edmica i totes aquelles altres que  fabriquen o manipulen productes qu\u00edmics i biol\u00f2gics (farmac\u00e8utiques,  aliment\u00e0ries, petrolieres, de biomaterials i biotecnol\u00f2giques,  cosm\u00e8tica, pintures i tintes, de cautx\u00fa, ind\u00fastria paperera o t\u00e8xtil\u2026).<\/p>\n\n\n\n<p>Col\u00b7laborar en el desenvolupament de nous productes i processos  qu\u00edmics i biotecnol\u00f2gics, en el reciclat i tractament dels residus  industrials, en l\u2019experimentaci\u00f3 i l\u2019aprofitament de mat\u00e8ries primeres i  en tasques relacionades amb l\u2019avaluaci\u00f3 t\u00e8cnic-econ\u00f2mica de recursos.<\/p>\n<\/div>\n\n\n\n<div class=\"wp-block-column is-layout-flow wp-block-column-is-layout-flow\">\n<p>Formar part d\u2019equips&nbsp;d\u2019R+D+i per desenvolupar i aplicar nous  productes i processos qu\u00edmics i\/o biotecnol\u00f2gics, tecnologies  d\u2019aprofitament de mat\u00e8ries primeres i processos de tractament i  reutilitzaci\u00f3 de residus industrials.<\/p>\n\n\n\n<p>Realitzar funcions en \u00e0rees mediambientals, de gesti\u00f3 i control de la qualitat, seguretat i salut.<\/p>\n\n\n\n<p>Accedir a compet\u00e8ncies de recerca a trav\u00e9s dels estudis de m\u00e0ster i doctorat de&nbsp;IQS.<\/p>\n\n\n\n<p>Desenvolupar la teva activitat en les administracions p\u00fabliques i en la doc\u00e8ncia.<\/p>\n<\/div>\n<\/div>\n","protected":false},"excerpt":{"rendered":"<p>Sectors en els quals desenvolupar la professi\u00f3 de qu\u00edmic L\u2019oferta sectorial per als qu\u00edmics \u00e9s molt \u00e0mplia. De fet, una part important dels titulats en qu\u00edmica desenvolupen la seva activitat professional en empreses les activitats de les quals no s\u00f3n exclusives del sector qu\u00edmic, com per exemple empreses d\u2019electricitat, electr\u00f2nica, alimentaci\u00f3, serveis sanitaris, etc. Entre [&hellip;]<\/p>\n","protected":false},"author":1,"featured_media":5891,"parent":0,"menu_order":0,"comment_status":"closed","ping_status":"closed","template":"template-quimica.php","meta":{"inline_featured_image":false,"footnotes":""},"_links":{"self":[{"href":"https:\/\/aquihayquimica.iqs.edu\/ca\/wp-json\/wp\/v2\/pages\/5797"}],"collection":[{"href":"https:\/\/aquihayquimica.iqs.edu\/ca\/wp-json\/wp\/v2\/pages"}],"about":[{"href":"https:\/\/aquihayquimica.iqs.edu\/ca\/wp-json\/wp\/v2\/types\/page"}],"author":[{"embeddable":true,"href":"https:\/\/aquihayquimica.iqs.edu\/ca\/wp-json\/wp\/v2\/users\/1"}],"replies":[{"embeddable":true,"href":"https:\/\/aquihayquimica.iqs.edu\/ca\/wp-json\/wp\/v2\/comments?post=5797"}],"version-history":[{"count":3,"href":"https:\/\/aquihayquimica.iqs.edu\/ca\/wp-json\/wp\/v2\/pages\/5797\/revisions"}],"predecessor-version":[{"id":63456,"href":"https:\/\/aquihayquimica.iqs.edu\/ca\/wp-json\/wp\/v2\/pages\/5797\/revisions\/63456"}],"wp:featuredmedia":[{"embeddable":true,"href":"https:\/\/aquihayquimica.iqs.edu\/ca\/wp-json\/wp\/v2\/media\/5891"}],"wp:attachment":[{"href":"https:\/\/aquihayquimica.iqs.edu\/ca\/wp-json\/wp\/v2\/media?parent=5797"}],"curies":[{"name":"wp","href":"https:\/\/api.w.org\/{rel}","templated":true}]}}