{"id":5802,"date":"2019-10-28T15:53:47","date_gmt":"2019-10-28T14:53:47","guid":{"rendered":"https:\/\/aquihayquimica.iqs.edu\/?page_id=5802"},"modified":"2024-02-26T10:49:27","modified_gmt":"2024-02-26T09:49:27","slug":"estudis-universitaris-de-quimica","status":"publish","type":"page","link":"https:\/\/aquihayquimica.iqs.edu\/ca\/estudis-universitaris-de-quimica\/","title":{"rendered":"Estudis universitaris de Qu\u00edmica"},"content":{"rendered":"\n<p class=\"p-subtitol\"><strong>Formaci\u00f3 orientada al desenvolupament pr\u00e0ctic dels estudis<\/strong><\/p>\n\n\n\n<div class=\"wp-block-columns has-2-columns columnes-frase is-layout-flex wp-container-core-columns-is-layout-1 wp-block-columns-is-layout-flex\">\n<div class=\"wp-block-column is-layout-flow wp-block-column-is-layout-flow\" style=\"flex-basis:75%\">\n<figure class=\"wp-block-image\"><img loading=\"lazy\" decoding=\"async\" width=\"1024\" height=\"682\" src=\"https:\/\/aquihayquimica.iqs.edu\/wp-content\/uploads\/2019\/10\/estudios-de-quimica-iqs-1024x682.jpg\" alt=\"\" class=\"wp-image-5888\" srcset=\"https:\/\/aquihayquimica.iqs.edu\/wp-content\/uploads\/2019\/10\/estudios-de-quimica-iqs-1024x682.jpg 1024w, https:\/\/aquihayquimica.iqs.edu\/wp-content\/uploads\/2019\/10\/estudios-de-quimica-iqs-300x200.jpg 300w, https:\/\/aquihayquimica.iqs.edu\/wp-content\/uploads\/2019\/10\/estudios-de-quimica-iqs-768x512.jpg 768w, https:\/\/aquihayquimica.iqs.edu\/wp-content\/uploads\/2019\/10\/estudios-de-quimica-iqs.jpg 1400w\" sizes=\"(max-width: 1024px) 100vw, 1024px\" \/><\/figure>\n\n\n\n<p>La Qu\u00edmica, com a ci\u00e8ncia, ens permet con\u00e8ixer el m\u00f3n que ens envolta  i el seu funcionament i \u00e9s, tamb\u00e9, indispensable per seguir  proporcionant aven\u00e7os i millores a la nostra societat en \u00e0mbits tan  diversos com la salut, l\u2019alimentaci\u00f3, la inform\u00e0tica o l\u2019enginyeria. La  Qu\u00edmica i l\u2019Enginyeria Qu\u00edmica s\u00f3n camps amb futur i moltes  possibilitats de desenvolupament per a aquells estudiants que tinguin  inter\u00e8s per les ci\u00e8ncies, les matem\u00e0tiques, la f\u00edsica i la inform\u00e0tica.<\/p>\n\n\n\n<p>Estudiar Qu\u00edmica et permetr\u00e0 analitzar la constituci\u00f3 i estructura  dels materials, desenvolupar nous processos qu\u00edmics, proporcionar  solucions a problemes relacionats amb el medi ambient, introduir  millores en el sector de l\u2019energia\u2026 en definitiva, la Qu\u00edmica et brinda  l\u2019oportunitat de contribuir al progr\u00e9s i al desenvolupament social.<\/p>\n\n\n\n<p>IQS imparteix el Grau en Qu\u00edmica i el Grau en Enginyeria Qu\u00edmica,  ambdues titulacions orientades a formar a futurs professionals del  sector de la Qu\u00edmica amb una vocaci\u00f3 i un comprom\u00eds social clars:  persones \u00e8tiques i integrals en els \u00e0mbits personal, acad\u00e8mic i  professional.<\/p>\n<\/div>\n\n\n\n<div class=\"wp-block-column is-layout-flow wp-block-column-is-layout-flow\">\n<h3 class=\"wp-block-heading\">La Qu\u00edmica te brinda  la oportunidad de contribuir al progreso y al desarrollo social.<\/h3>\n<\/div>\n<\/div>\n\n\n\n<div class=\"wp-block-columns has-2-columns columna-quimica is-layout-flex wp-container-core-columns-is-layout-2 wp-block-columns-is-layout-flex\">\n<div class=\"wp-block-column is-layout-flow wp-block-column-is-layout-flow\">\n<h4 class=\"wp-block-heading\">Grau Oficial en Qu\u00edmica<\/h4>\n\n\n\n<p>El t\u00edtol de Grau en Qu\u00edmica t\u00e9 com a objectiu desenvolupar els  coneixements, habilitats i aptituds necess\u00e0ries per convertir-te en un  qu\u00edmic preparat per aportar coneixements cient\u00edfics i valors \u00e8tics i  socials al control i desenvolupament de productes. Amb aquestes  habilitats podr\u00e0s exercir com a professional de la s\u00edntesi, la  formulaci\u00f3 i l\u2019an\u00e0lisi de productes qu\u00edmics i materials d\u2019aplicaci\u00f3 en  camps molt diversos. Proporciona tamb\u00e9 una formaci\u00f3 complement\u00e0ria en bioci\u00e8ncies, per treballar en entorns industrials en els quals les biotecnologies tenen un paper cada vegada m\u00e9s important.<\/p>\n\n\n\n<p>M\u00e9s informaci\u00f3: <a rel=\"noreferrer noopener\" href=\"https:\/\/www.iqs.url.edu\/es\/grado-universitario-quimica:381\" target=\"_blank\">Grado Oficial en Qu\u00edmica en IQS<\/a><\/p>\n\n\n\n<h4 class=\"wp-block-heading\">Grau Oficial en Enginyeria Qu\u00edmica<\/h4>\n\n\n\n<p>D\u2019altra banda, el Grau en Enginyeria Qu\u00edmica ofereix una formaci\u00f3  s\u00f2lida i una visi\u00f3 moderna dels conceptes fonamentals i les seves  aplicacions en l\u2019exercici de la professi\u00f3 d\u2019enginyer qu\u00edmic, fent  especial \u00e8mfasi en les formes de producci\u00f3 respectuoses amb el medi  ambient, sostenibles i generadores de productes que contribueixin al  progr\u00e9s i benestar.<\/p>\n\n\n\n<p>M\u00e9s informaci\u00f3: <a rel=\"noreferrer noopener\" href=\"https:\/\/www.iqs.url.edu\/es\/grado-universitario-ingenieria-quimica:452\" target=\"_blank\">Grado Oficial en Ingenier\u00eda Qu\u00edmica en IQS<\/a><\/p>\n\n\n\n<h4 class=\"wp-block-heading\">Dobles titulacions de Grau<\/h4>\n\n\n\n<p>La possibilitat d\u2019obtenir dobles graus amb titulacions oficials  cursades ambdues paral\u00b7lelament durant onze semestres proporciona als  estudiants una excel\u00b7lent preparaci\u00f3 t\u00e8cnica pel que fa a grau i un alt  coneixement de la gesti\u00f3 i direcci\u00f3 de l\u2019empresa.<\/p>\n\n\n\n<p>Per a les titulacions en qu\u00edmica, existeixen tres opcions de doble titulaci\u00f3:<\/p>\n\n\n\n<ul>\n<li><a rel=\"noreferrer noopener\" href=\"https:\/\/www.iqs.url.edu\/ca\/doble-grau-en-quimica-i-administracio-i-direccio-dempreses-1-1201\" target=\"_blank\">Doble Grau en Qu\u00edmica i Administraci\u00f3 i direcci\u00f3 d\u2019emprese<\/a><\/li>\n\n\n\n<li><a rel=\"noreferrer noopener\" href=\"https:\/\/www.iqs.url.edu\/ca\/preinscripcio-doble-grau-inginyeria-quimica-i-ade\" target=\"_blank\">Doble Grau en Enginyeria Qu\u00edmica i Administraci\u00f3 i direcci\u00f3 d\u2019empreses<\/a><\/li>\n\n\n\n<li><a rel=\"noreferrer noopener\" href=\"https:\/\/www.iqs.url.edu\/ca\/doble-grau-en-quimica-i-enginyeria-quimica-1-1207\" target=\"_blank\">Doble Titulaci\u00f3 en Qu\u00edmica i Enginyeria Qu\u00edmica<\/a><\/li>\n<\/ul>\n\n\n\n<p>Estudiar un doble grau ofereix una formaci\u00f3 m\u00e9s completa i multiplica  les opcions de sortides laborals de l\u2019estudiant en finalitzar els seus  estudis, en un context d\u2019alta competitivitat en el qual estar cada  vegada m\u00e9s preparats \u00e9s fonamental.<\/p>\n<\/div>\n\n\n\n<div class=\"wp-block-column is-layout-flow wp-block-column-is-layout-flow\">\n<h4 class=\"wp-block-heading\">M\u00e0sters i doctorats<\/h4>\n\n\n\n<p>Una vegada finalitzats els estudis de grau, els graduats i graduades en qu\u00edmica o enginyeria qu\u00edmica poden orientar la seva carrera professional cap a diferents \u00e0mbits relacionats amb la seva especialitat gr\u00e0cies a la realitzaci\u00f3 d\u2019un m\u00e0ster o doctorat.<\/p>\n\n\n\n<p>L\u2019itinerari d\u2019estudis en qu\u00edmica es completa a IQS amb les seg\u00fcents especialitzacions:<\/p>\n\n\n\n<ul>\n<li><a rel=\"noreferrer noopener\" href=\"https:\/\/www.iqs.url.edu\/ca\/master-quimica-analitica\" target=\"_blank\"><strong>M\u00e0ster en Qu\u00edmica Anal\u00edtica<\/strong><\/a><strong>:<\/strong>  aporta els coneixements te\u00f2rics i pr\u00e0ctics d\u2019instrumentaci\u00f3 anal\u00edtica  per formar professionals i investigadors amb un perfil aplicat a la  recerca i al desenvolupament de productes, processos i serveis en els  sectors industrials relacionats amb la qu\u00edmica anal\u00edtica.<\/li>\n\n\n\n<li><a rel=\"noreferrer noopener\" href=\"https:\/\/www.iqs.url.edu\/ca\/quimica-farmaceutica:1043\" target=\"_blank\"><strong>M\u00e0ster en Qu\u00edmica Farmac\u00e8utica<\/strong><\/a>:  proporciona una visi\u00f3 general de tot el proc\u00e9s&nbsp;d\u2019R+D&nbsp;d\u2019un f\u00e0rmac, de la  seva fase de disseny mitjan\u00e7ant la qu\u00edmica computacional i de la seva  s\u00edntesi.<\/li>\n\n\n\n<li><a rel=\"noreferrer noopener\" href=\"https:\/\/www.iqs.url.edu\/ca\/quimica-ciencia-de-materials:1073\" target=\"_blank\"><strong>M\u00e0ster en Ci\u00e8ncia i Enginyeria de Materials<\/strong><\/a><strong>:<\/strong>  t\u00e9 l\u2019objectiu de formar professionals i investigadors amb un perfil  aplicat a la recerca i al desenvolupament de productes, processos i  serveis en els diferents sectors industrials relacionats amb la qu\u00edmica,  particularment a l\u2019\u00e0rea de ci\u00e8ncia de materials.<\/li>\n\n\n\n<li><a rel=\"noreferrer noopener\" href=\"https:\/\/www.iqs.url.edu\/ca\/master-universitari-enginyeria-quimica:624\" target=\"_blank\"><strong>M\u00e0ster en Enginyeria Qu\u00edmica<\/strong><\/a><strong>:  <\/strong>proporciona els coneixements per al disseny, gesti\u00f3 i control dels  processos productius qu\u00edmics i biotecnol\u00f2gics empleats en les plantes  industrials de proc\u00e9s.<\/li>\n\n\n\n<li><a rel=\"noreferrer noopener\" href=\"http:\/\/www.iqs.edu\/ca\/objectius-generals:565\" target=\"_blank\"><strong>Doctorat en Qu\u00edmica i Enginyeria Qu\u00edmica<\/strong><\/a><strong>:<\/strong>  t\u00e9 l\u2019objectiu de formar doctors especialitzats en els m\u00e9s moderns camps  de la qu\u00edmica i de l\u2019enginyeria qu\u00edmica perqu\u00e8 puguin contribuir a  consolidar empreses m\u00e9s competitives, modernes i en les quals la  necessitat de la recerca i innovaci\u00f3 sigui assumida de manera natural.<\/li>\n<\/ul>\n<\/div>\n<\/div>\n\n\n\n<div class=\"wp-block-columns has-2-columns is-layout-flex wp-container-core-columns-is-layout-3 wp-block-columns-is-layout-flex\">\n<div class=\"wp-block-column is-layout-flow wp-block-column-is-layout-flow\"><\/div>\n\n\n\n<div class=\"wp-block-column is-layout-flow wp-block-column-is-layout-flow\"><\/div>\n<\/div>\n","protected":false},"excerpt":{"rendered":"<p>Formaci\u00f3 orientada al desenvolupament pr\u00e0ctic dels estudis La Qu\u00edmica, com a ci\u00e8ncia, ens permet con\u00e8ixer el m\u00f3n que ens envolta i el seu funcionament i \u00e9s, tamb\u00e9, indispensable per seguir proporcionant aven\u00e7os i millores a la nostra societat en \u00e0mbits tan diversos com la salut, l\u2019alimentaci\u00f3, la inform\u00e0tica o l\u2019enginyeria. La Qu\u00edmica i l\u2019Enginyeria Qu\u00edmica [&hellip;]<\/p>\n","protected":false},"author":1,"featured_media":5886,"parent":0,"menu_order":0,"comment_status":"closed","ping_status":"closed","template":"template-quimica.php","meta":{"inline_featured_image":false,"footnotes":""},"_links":{"self":[{"href":"https:\/\/aquihayquimica.iqs.edu\/ca\/wp-json\/wp\/v2\/pages\/5802"}],"collection":[{"href":"https:\/\/aquihayquimica.iqs.edu\/ca\/wp-json\/wp\/v2\/pages"}],"about":[{"href":"https:\/\/aquihayquimica.iqs.edu\/ca\/wp-json\/wp\/v2\/types\/page"}],"author":[{"embeddable":true,"href":"https:\/\/aquihayquimica.iqs.edu\/ca\/wp-json\/wp\/v2\/users\/1"}],"replies":[{"embeddable":true,"href":"https:\/\/aquihayquimica.iqs.edu\/ca\/wp-json\/wp\/v2\/comments?post=5802"}],"version-history":[{"count":3,"href":"https:\/\/aquihayquimica.iqs.edu\/ca\/wp-json\/wp\/v2\/pages\/5802\/revisions"}],"predecessor-version":[{"id":63455,"href":"https:\/\/aquihayquimica.iqs.edu\/ca\/wp-json\/wp\/v2\/pages\/5802\/revisions\/63455"}],"wp:featuredmedia":[{"embeddable":true,"href":"https:\/\/aquihayquimica.iqs.edu\/ca\/wp-json\/wp\/v2\/media\/5886"}],"wp:attachment":[{"href":"https:\/\/aquihayquimica.iqs.edu\/ca\/wp-json\/wp\/v2\/media?parent=5802"}],"curies":[{"name":"wp","href":"https:\/\/api.w.org\/{rel}","templated":true}]}}