{"id":5818,"date":"2019-10-28T16:31:48","date_gmt":"2019-10-28T15:31:48","guid":{"rendered":"https:\/\/aquihayquimica.iqs.edu\/?page_id=5818"},"modified":"2024-05-08T08:44:52","modified_gmt":"2024-05-08T06:44:52","slug":"participa","status":"publish","type":"page","link":"https:\/\/aquihayquimica.iqs.edu\/ca\/participa\/","title":{"rendered":"Participa"},"content":{"rendered":"\n<p class=\"has-text-align-center button-content\"><a href=\"#wpcf7-f5916-p5818-o1\">Env\u00eda&#8217;ns el teu video<\/a><\/p>\n\n\n\n<div style=\"height:20px\" aria-hidden=\"true\" class=\"wp-block-spacer\"><\/div>\n\n\n\n<p class=\"has-text-align-center text-explicacio\">Per participar en el concurs \u201cAqu\u00ed hi ha  Qu\u00edmica\u201d nom\u00e9s has d\u2019enviar-nos un v\u00eddeo amb un exemple sobre com ha  millorat la qu\u00edmica la nostra qualitat de vida. Pots enviar-nos els teus  v\u00eddeos des de l&#8217;11 de mar\u00e7 fins al 5 de maig del 2024. T\u2019ho expliquem amb aquests senzills passos:<\/p>\n\n\n\n<div class=\"wp-block-columns has-2-columns columnes-participa is-layout-flex wp-container-core-columns-is-layout-1 wp-block-columns-is-layout-flex\">\n<div class=\"wp-block-column is-layout-flow wp-block-column-is-layout-flow\">\n<h3 class=\"wp-block-heading columnes-participa\">Troba el teu exemple<\/h3>\n\n\n\n<p>Mira al teu voltant i veur\u00e0s un gran nombre de  productes, processos o descobriments que han estat possible gr\u00e0cies a la  qu\u00edmica. <\/p>\n<\/div>\n\n\n\n<div class=\"wp-block-column is-layout-flow wp-block-column-is-layout-flow\">\n<h3 class=\"wp-block-heading\">Grava&#8217;l en video<\/h3>\n\n\n\n<p>Plasma la teva idea en un v\u00eddeo d\u2019entre 1 i 3 minuts de durada i puja&#8217;l al teu canal de YouTube.<\/p>\n<\/div>\n<\/div>\n\n\n\n<div class=\"wp-block-columns has-2-columns columnes-participa is-layout-flex wp-container-core-columns-is-layout-2 wp-block-columns-is-layout-flex\">\n<div class=\"wp-block-column is-layout-flow wp-block-column-is-layout-flow\">\n<h3 class=\"wp-block-heading\">Envia&#8217;ns el teu video<\/h3>\n\n\n\n<p>En aquesta p\u00e0gina trobar\u00e0s un formulari d&#8217;inscripci\u00f3 al concurs en el que podr\u00e0s pujar el teu v\u00eddeo<\/p>\n<\/div>\n\n\n\n<div class=\"wp-block-column is-layout-flow wp-block-column-is-layout-flow\">\n<h3 class=\"wp-block-heading\">Comparteix-lo<\/h3>\n\n\n\n<p>Una vegada hagi estat acceptat, rebr\u00e0s un mail amb l&#8217;url&nbsp;del teu v\u00eddeo.<\/p>\n<\/div>\n<\/div>\n\n\n\n<p class=\"has-text-align-center button-content blue\"><a href=\"tps:\/\/aquihayquimica.iqs.edu\/wp-content\/uploads\/2024\/04\/Bases-concurso-AHQ-2024-CAT.pdf\">Bases del concurs<\/a><\/p>\n\n\n\n<div style=\"height:40px\" aria-hidden=\"true\" class=\"wp-block-spacer\"><\/div>\n\n\n<div id=\"cf7_2_post_fb7de91c5f\" class=\"cf7_2_post cf7_form_5916\">\n<div class=\"wpcf7 no-js\" id=\"wpcf7-f5916-o1\" lang=\"es-ES\" dir=\"ltr\">\n<div class=\"screen-reader-response\"><p role=\"status\" aria-live=\"polite\" aria-atomic=\"true\"><\/p> <ul><\/ul><\/div>\n<form action=\"\/ca\/wp-json\/wp\/v2\/pages\/5818#wpcf7-f5916-o1\" method=\"post\" class=\"wpcf7-form init\" aria-label=\"Formulario de contacto\" novalidate=\"novalidate\" data-status=\"init\">\n<div style=\"display: none;\">\n<input type=\"hidden\" name=\"_wpcf7\" value=\"5916\" \/>\n<input type=\"hidden\" name=\"_wpcf7_version\" value=\"5.9.3\" \/>\n<input type=\"hidden\" name=\"_wpcf7_locale\" value=\"es_ES\" \/>\n<input type=\"hidden\" name=\"_wpcf7_unit_tag\" value=\"wpcf7-f5916-o1\" \/>\n<input type=\"hidden\" name=\"_wpcf7_container_post\" value=\"0\" \/>\n<input type=\"hidden\" name=\"_wpcf7_posted_data_hash\" value=\"\" \/>\n<input type=\"hidden\" name=\"_map_author\" value=\"1\" \/>\n<input type=\"hidden\" name=\"_c2p_nonce\" value=\"5c4a820160\" \/>\n<input type=\"hidden\" name=\"_wpnonce\" value=\"3e522d3533\" \/>\n<\/div>\n<h1>Omple aquest formulari per participar\n<\/h1>\n<h2 class=\"subtitle\">Publicarem el v\u00eddeo despr\u00e9s de revisar-ho\n<\/h2>\n<div class=\"flex-row\">\n\t<div class=\"col\">\n\t\t<p><label> Nom de l'alumne <span class=\"descripcion\">Sense cognoms<\/span><span class=\"wpcf7-form-control-wrap\" data-name=\"participante-nombre\"><input size=\"40\" class=\"wpcf7-form-control wpcf7-text wpcf7-validates-as-required\" aria-required=\"true\" aria-invalid=\"false\" value=\"\" type=\"text\" name=\"participante-nombre\" \/><\/span> <\/label>\n\t\t<\/p>\n\t<\/div>\n\t<div class=\"col\">\n\t\t<p><label> Cognoms de l'alumne <span class=\"descripcion\">Separa amb un espai<\/span><span class=\"wpcf7-form-control-wrap\" data-name=\"participante-apellidos\"><input size=\"40\" class=\"wpcf7-form-control wpcf7-text wpcf7-validates-as-required\" aria-required=\"true\" aria-invalid=\"false\" value=\"\" type=\"text\" name=\"participante-apellidos\" \/><\/span> <\/label>\n\t\t<\/p>\n\t<\/div>\n\t<div class=\"col\">\n\t\t<p><label> E-mail de l'alumne <span class=\"descripcion\">Per notificacions del concurs<\/span><span class=\"wpcf7-form-control-wrap\" data-name=\"participante-email\"><input size=\"40\" class=\"wpcf7-form-control wpcf7-email wpcf7-validates-as-required wpcf7-text wpcf7-validates-as-email\" aria-required=\"true\" aria-invalid=\"false\" value=\"\" type=\"email\" name=\"participante-email\" \/><\/span> <\/label>\n\t\t<\/p>\n\t<\/div>\n\t<div class=\"col\">\n\t\t<p><label> Curs <span class=\"descripcion\">En quin curs est\u00e0s?<\/span><span class=\"wpcf7-form-control-wrap\" data-name=\"participante-curso\"><select class=\"wpcf7-form-control wpcf7-select wpcf7-validates-as-required\" aria-required=\"true\" aria-invalid=\"false\" name=\"participante-curso\"><option value=\"1r Batxillerat\">1r Batxillerat<\/option><option value=\"2n Batxillerat\">2n Batxillerat<\/option><option value=\"CFGS\">CFGS<\/option><option value=\"Altres\">Altres<\/option><\/select><\/span> <\/label>\n\t\t<\/p>\n\t<\/div>\n\t<div class=\"col\">\n\t\t<p><label> Tel\u00e8fon <span class=\"descripcion\">Per notificacions del concurs<\/span><span class=\"wpcf7-form-control-wrap\" data-name=\"participante-telefono\"><input size=\"40\" class=\"wpcf7-form-control wpcf7-text wpcf7-validates-as-required\" aria-required=\"true\" aria-invalid=\"false\" value=\"\" type=\"text\" name=\"participante-telefono\" \/><\/span><\/label>\n\t\t<\/p>\n\t<\/div>\n\t<div class=\"col\">\n\t\t<p><label> Nom del professor\/a <span class=\"descripcion\">Separa nom i cognom amb un espai<\/span><span class=\"wpcf7-form-control-wrap\" data-name=\"profesora-nombre\"><input size=\"40\" class=\"wpcf7-form-control wpcf7-text wpcf7-validates-as-required\" aria-required=\"true\" aria-invalid=\"false\" value=\"\" type=\"text\" name=\"profesora-nombre\" \/><\/span><\/label>\n\t\t<\/p>\n\t<\/div>\n\t<div class=\"col\">\n\t\t<p><label> Nom del centre <span class=\"descripcion\">Separa amb espais<\/span><span class=\"wpcf7-form-control-wrap\" data-name=\"centro-nombre\"><input size=\"40\" class=\"wpcf7-form-control wpcf7-text wpcf7-validates-as-required\" aria-required=\"true\" aria-invalid=\"false\" value=\"\" type=\"text\" name=\"centro-nombre\" \/><\/span><\/label>\n\t\t<\/p>\n\t<\/div>\n\t<div class=\"col\">\n\t\t<p><label> T\u00edtol del v\u00eddeo <span class=\"descripcion\">Ha de coincidir amb el t\u00edtol aYouTube<\/span><span class=\"wpcf7-form-control-wrap\" data-name=\"video-titulo\"><input size=\"40\" class=\"wpcf7-form-control wpcf7-text wpcf7-validates-as-required\" aria-required=\"true\" aria-invalid=\"false\" value=\"\" type=\"text\" name=\"video-titulo\" \/><\/span><\/label>\n\t\t<\/p>\n\t<\/div>\n\t<div class=\"col\">\n\t\t<p><label> Poblaci\u00f3 <span class=\"descripcion\">En la que es troba el centre<\/span><span class=\"wpcf7-form-control-wrap\" data-name=\"poblacion-nombre\"><input size=\"40\" class=\"wpcf7-form-control wpcf7-text wpcf7-validates-as-required\" aria-required=\"true\" aria-invalid=\"false\" value=\"\" type=\"text\" name=\"poblacion-nombre\" \/><\/span><\/label>\n\t\t<\/p>\n\t<\/div>\n\t<div class=\"col\">\n\t\t<p><label> Prov\u00edncia <span class=\"descripcion\">En la que es troba el centre<\/span><span class=\"wpcf7-form-control-wrap\" data-name=\"poblacion-provincia\"><input size=\"40\" class=\"wpcf7-form-control wpcf7-text wpcf7-validates-as-required\" aria-required=\"true\" aria-invalid=\"false\" value=\"\" type=\"text\" name=\"poblacion-provincia\" \/><\/span><\/label>\n\t\t<\/p>\n\t<\/div>\n\t<div class=\"col fullwidth\">\n\t\t<p><label> Enlla\u00e7 del teu v\u00eddeo <span class=\"descripcion\">L'enlace de YouTube del teu v\u00eddeo<\/span><span class=\"wpcf7-form-control-wrap\" data-name=\"video-url\"><input size=\"40\" class=\"wpcf7-form-control wpcf7-text wpcf7-validates-as-required\" aria-required=\"true\" aria-invalid=\"false\" value=\"\" type=\"text\" name=\"video-url\" \/><\/span><\/label>\n\t\t<\/p>\n\t<\/div>\n\t<div class=\"col fullwidth\">\n\t\t<p><label> Breu explicaci\u00f3 del v\u00eddeo <span class=\"descripcion\">Explica breument de que tracta el teu v\u00eddeo <\/span><span class=\"wpcf7-form-control-wrap\" data-name=\"video-explicacion\"><textarea cols=\"40\" rows=\"10\" class=\"wpcf7-form-control wpcf7-textarea wpcf7-validates-as-required\" aria-required=\"true\" aria-invalid=\"false\" name=\"video-explicacion\"><\/textarea><\/span><\/label>\n\t\t<\/p>\n\t<\/div>\n<\/div>\n<p class=\"terms-legals\">AV\u00cdS LEGAL<br \/>\nLes dades de car\u00e0cter personal facilitades seran tractades d\u2019acord amb el que disposa la Llei Org\u00e0nica 15\/1999 de protecci\u00f3 de dades de car\u00e0cter personal i la resta de normativa aplicable. Aquestes dades seran incorporades a un fitxer amb la finalitat de portar a terme la gesti\u00f3 de la participaci\u00f3 en el concurs \u201cAqu\u00ed hi ha Qu\u00edmica\u201d. D\u2019acord amb la normativa esmentada, podeu exercir el dret d\u2019acc\u00e9s, rectificaci\u00f3, cancel\u00b7laci\u00f3 i oposici\u00f3, mitjan\u00e7ant comunicaci\u00f3 escrita dirigida a la Secretaria General d\u2019IQS.\n<\/p>\n<p><p class=\"accept-politcy\"><span class=\"wpcf7-form-control-wrap acceptance-848\"><span class=\"wpcf7-form-control wpcf7-acceptance\"><span class=\"wpcf7-list-item\"><input type=\"checkbox\" name=\"acceptance-848\" value=\"1\" aria-invalid=\"false\"><\/span><\/span><\/span>Acepto la <a rel=\"nofollow\" href=\"https:\/\/aquihayquimica.iqs.edu\/informacion-legal\/\" target=\"_blank\">Informaci\u00f3n legal<\/a> <\/p>\n<\/p>\n<p><input class=\"wpcf7-form-control wpcf7-submit has-spinner\" type=\"submit\" value=\"Enviar\" \/>\n<\/p><div class=\"wpcf7-response-output\" aria-hidden=\"true\"><\/div>\n<\/form>\n<\/div>\n\n<\/div>\n\n\n\n<p><\/p>\n","protected":false},"excerpt":{"rendered":"<p>Env\u00eda&#8217;ns el teu video Per participar en el concurs \u201cAqu\u00ed hi ha Qu\u00edmica\u201d nom\u00e9s has d\u2019enviar-nos un v\u00eddeo amb un exemple sobre com ha millorat la qu\u00edmica la nostra qualitat de vida. Pots enviar-nos els teus v\u00eddeos des de l&#8217;11 de mar\u00e7 fins al 5 de maig del 2024. T\u2019ho expliquem amb aquests senzills passos: [&hellip;]<\/p>\n","protected":false},"author":1,"featured_media":0,"parent":0,"menu_order":0,"comment_status":"closed","ping_status":"closed","template":"template-participa.php","meta":{"inline_featured_image":false,"footnotes":""},"_links":{"self":[{"href":"https:\/\/aquihayquimica.iqs.edu\/ca\/wp-json\/wp\/v2\/pages\/5818"}],"collection":[{"href":"https:\/\/aquihayquimica.iqs.edu\/ca\/wp-json\/wp\/v2\/pages"}],"about":[{"href":"https:\/\/aquihayquimica.iqs.edu\/ca\/wp-json\/wp\/v2\/types\/page"}],"author":[{"embeddable":true,"href":"https:\/\/aquihayquimica.iqs.edu\/ca\/wp-json\/wp\/v2\/users\/1"}],"replies":[{"embeddable":true,"href":"https:\/\/aquihayquimica.iqs.edu\/ca\/wp-json\/wp\/v2\/comments?post=5818"}],"version-history":[{"count":18,"href":"https:\/\/aquihayquimica.iqs.edu\/ca\/wp-json\/wp\/v2\/pages\/5818\/revisions"}],"predecessor-version":[{"id":66548,"href":"https:\/\/aquihayquimica.iqs.edu\/ca\/wp-json\/wp\/v2\/pages\/5818\/revisions\/66548"}],"wp:attachment":[{"href":"https:\/\/aquihayquimica.iqs.edu\/ca\/wp-json\/wp\/v2\/media?parent=5818"}],"curies":[{"name":"wp","href":"https:\/\/api.w.org\/{rel}","templated":true}]}}